{"id":3199,"date":"2026-04-07T18:16:46","date_gmt":"2026-04-07T18:16:46","guid":{"rendered":"https:\/\/ninaki.si\/?post_type=product&#038;p=3199"},"modified":"2026-04-07T18:18:48","modified_gmt":"2026-04-07T18:18:48","slug":"2133217","status":"publish","type":"product","link":"https:\/\/ninaki.si\/sl\/izdelek\/2133217\/","title":{"rendered":"2133217"},"content":{"rendered":"","protected":false},"excerpt":{"rendered":"<p>Lahkotna poletna obleka iz 100 % lanu. Zgornji del s tankimi naramnicami lepo poudari ramena, medtem ko rahlo nabrano krilo ustvari \u017eenstveno silhueto in omogo\u010da spro\u0161\u010deno gibanje. Elasti\u010den hrbtni del poskrbi za bolj\u0161e prileganje, prekri\u017eane naramnice pa dodajo subtilen, a opazen detajl. V baby roza barvi &#8211;\u00a0 barvnem hitu leto\u0161njega poletja!<\/p>\n<ul>\n<li>Sestava: 100% lan<\/li>\n<li>Vezilna nit: 100% poliester<\/li>\n<\/ul>\n<p>Barva: baby roza z vezenimi detajli v barvi \u0161ampanjca<\/p>\n<p>Velikost: 1xS, 1xM<\/p>\n<p><em>Dobro je vedeti, da so kroji kolekcije Greek Archaic Kori kar ohlapni, <\/em><em>tako da je pri marsikaterem artiklu priporo\u010dljivo vzeti \u0161tevilko manj\u0161o <\/em><em>velikost, kot jo nosite sicer. Za vsak primer, \u010de ste v dilemi, pa me \u0161e <\/em><em>vedno lahko kontaktirate in bova skupaj vse izmerili in ugotovili, <\/em><em>katera \u0161tevilka bi bila najprimernej\u0161a za vas.<\/em><\/p>\n<h5><a href=\"https:\/\/ninaki.si\/sl\/tabela-velikosti\/\" target=\"_blank\" rel=\"noopener\">Preverite velikost<\/a><\/h5>","protected":false},"featured_media":3201,"comment_status":"closed","ping_status":"closed","template":"","meta":{"_uag_custom_page_level_css":"","site-sidebar-layout":"default","site-content-layout":"","ast-site-content-layout":"default","site-content-style":"default","site-sidebar-style":"default","ast-global-header-display":"","ast-banner-title-visibility":"","ast-main-header-display":"","ast-hfb-above-header-display":"","ast-hfb-below-header-display":"","ast-hfb-mobile-header-display":"","site-post-title":"","ast-breadcrumbs-content":"","ast-featured-img":"","footer-sml-layout":"","theme-transparent-header-meta":"default","adv-header-id-meta":"","stick-header-meta":"","header-above-stick-meta":"","header-main-stick-meta":"","header-below-stick-meta":"","astra-migrate-meta-layouts":"set","ast-page-background-enabled":"default","ast-page-background-meta":{"desktop":{"background-color":"var(--ast-global-color-4)","background-image":"","background-repeat":"repeat","background-position":"center center","background-size":"auto","background-attachment":"scroll","background-type":"","background-media":"","overlay-type":"","overlay-color":"","overlay-opacity":"","overlay-gradient":""},"tablet":{"background-color":"","background-image":"","background-repeat":"repeat","background-position":"center center","background-size":"auto","background-attachment":"scroll","background-type":"","background-media":"","overlay-type":"","overlay-color":"","overlay-opacity":"","overlay-gradient":""},"mobile":{"background-color":"","background-image":"","background-repeat":"repeat","background-position":"center center","background-size":"auto","background-attachment":"scroll","background-type":"","background-media":"","overlay-type":"","overlay-color":"","overlay-opacity":"","overlay-gradient":""}},"ast-content-background-meta":{"desktop":{"background-color":"var(--ast-global-color-5)","background-image":"","background-repeat":"repeat","background-position":"center center","background-size":"auto","background-attachment":"scroll","background-type":"","background-media":"","overlay-type":"","overlay-color":"","overlay-opacity":"","overlay-gradient":""},"tablet":{"background-color":"var(--ast-global-color-5)","background-image":"","background-repeat":"repeat","background-position":"center center","background-size":"auto","background-attachment":"scroll","background-type":"","background-media":"","overlay-type":"","overlay-color":"","overlay-opacity":"","overlay-gradient":""},"mobile":{"background-color":"var(--ast-global-color-5)","background-image":"","background-repeat":"repeat","background-position":"center center","background-size":"auto","background-attachment":"scroll","background-type":"","background-media":"","overlay-type":"","overlay-color":"","overlay-opacity":"","overlay-gradient":""}}},"product_brand":[],"product_cat":[64],"product_tag":[],"class_list":{"0":"post-3199","1":"product","2":"type-product","3":"status-publish","4":"has-post-thumbnail","6":"product_cat-kori-2026","7":"desktop-align-left","8":"tablet-align-left","9":"mobile-align-left","10":"ast-product-gallery-layout-horizontal","11":"ast-magnify-disabled","12":"ast-product-single-variable","13":"ast-qv-on-image","15":"first","16":"instock","17":"shipping-taxable","18":"purchasable","19":"product-type-variable"},"uagb_featured_image_src":{"full":["https:\/\/ninaki.si\/wp-content\/uploads\/2026\/04\/1U4A5507-copy.jpg",960,1200,false],"thumbnail":["https:\/\/ninaki.si\/wp-content\/uploads\/2026\/04\/1U4A5507-copy-150x150.jpg",150,150,true],"medium":["https:\/\/ninaki.si\/wp-content\/uploads\/2026\/04\/1U4A5507-copy-240x300.jpg",240,300,true],"medium_large":["https:\/\/ninaki.si\/wp-content\/uploads\/2026\/04\/1U4A5507-copy-768x960.jpg",768,960,true],"large":["https:\/\/ninaki.si\/wp-content\/uploads\/2026\/04\/1U4A5507-copy-819x1024.jpg",819,1024,true],"1536x1536":["https:\/\/ninaki.si\/wp-content\/uploads\/2026\/04\/1U4A5507-copy.jpg",960,1200,false],"2048x2048":["https:\/\/ninaki.si\/wp-content\/uploads\/2026\/04\/1U4A5507-copy.jpg",960,1200,false],"trp-custom-language-flag":["https:\/\/ninaki.si\/wp-content\/uploads\/2026\/04\/1U4A5507-copy-10x12.jpg",10,12,true],"woocommerce_thumbnail":["https:\/\/ninaki.si\/wp-content\/uploads\/2026\/04\/1U4A5507-copy-600x750.jpg",600,750,true],"woocommerce_single":["https:\/\/ninaki.si\/wp-content\/uploads\/2026\/04\/1U4A5507-copy-800x1000.jpg",800,1000,true],"woocommerce_gallery_thumbnail":["https:\/\/ninaki.si\/wp-content\/uploads\/2026\/04\/1U4A5507-copy-100x100.jpg",100,100,true]},"uagb_author_info":{"display_name":"tone","author_link":"https:\/\/ninaki.si\/sl\/author\/"},"uagb_comment_info":0,"uagb_excerpt":"Lahkotna poletna obleka iz 100 % lanu. Zgornji del s tankimi naramnicami lepo poudari ramena, medtem ko rahlo nabrano krilo ustvari \u017eenstveno silhueto in omogo\u010da spro\u0161\u010deno gibanje. Elasti\u010den hrbtni del poskrbi za bolj\u0161e prileganje, prekri\u017eane naramnice pa dodajo subtilen, a opazen detajl. V baby roza barvi -\u00a0 barvnem hitu leto\u0161njega poletja! Sestava: 100% lan Vezilna&hellip;","jetpack_sharing_enabled":true,"_links":{"self":[{"href":"https:\/\/ninaki.si\/sl\/wp-json\/wp\/v2\/product\/3199","targetHints":{"allow":["GET"]}}],"collection":[{"href":"https:\/\/ninaki.si\/sl\/wp-json\/wp\/v2\/product"}],"about":[{"href":"https:\/\/ninaki.si\/sl\/wp-json\/wp\/v2\/types\/product"}],"replies":[{"embeddable":true,"href":"https:\/\/ninaki.si\/sl\/wp-json\/wp\/v2\/comments?post=3199"}],"version-history":[{"count":3,"href":"https:\/\/ninaki.si\/sl\/wp-json\/wp\/v2\/product\/3199\/revisions"}],"predecessor-version":[{"id":3208,"href":"https:\/\/ninaki.si\/sl\/wp-json\/wp\/v2\/product\/3199\/revisions\/3208"}],"wp:featuredmedia":[{"embeddable":true,"href":"https:\/\/ninaki.si\/sl\/wp-json\/wp\/v2\/media\/3201"}],"wp:attachment":[{"href":"https:\/\/ninaki.si\/sl\/wp-json\/wp\/v2\/media?parent=3199"}],"wp:term":[{"taxonomy":"product_brand","embeddable":true,"href":"https:\/\/ninaki.si\/sl\/wp-json\/wp\/v2\/product_brand?post=3199"},{"taxonomy":"product_cat","embeddable":true,"href":"https:\/\/ninaki.si\/sl\/wp-json\/wp\/v2\/product_cat?post=3199"},{"taxonomy":"product_tag","embeddable":true,"href":"https:\/\/ninaki.si\/sl\/wp-json\/wp\/v2\/product_tag?post=3199"}],"curies":[{"name":"wp","href":"https:\/\/api.w.org\/{rel}","templated":true}]}}