{"id":2266,"date":"2025-09-17T05:06:15","date_gmt":"2025-09-17T05:06:15","guid":{"rendered":"https:\/\/ninaki.si\/?post_type=product&#038;p=2266"},"modified":"2026-03-21T19:51:32","modified_gmt":"2026-03-21T19:51:32","slug":"calisti-mini-backpack","status":"publish","type":"product","link":"https:\/\/ninaki.si\/sl\/izdelek\/calisti-mini-backpack\/","title":{"rendered":"CALISTI MINI BACKPACK"},"content":{"rendered":"<ul>\n<li>Dimenzije: 24 x 25cm.<\/li>\n<li>Razko\u0161na \u017eametna tkanina.<\/li>\n<li>Sprednji dodatni manj\u0161i razdelek oz. \u017eep.<\/li>\n<li>Zapiranje z zadrgo za varnost in enostavnost.<\/li>\n<li>Udobne, nastavljive naramnice.<\/li>\n<li>Popolnoma podlo\u017eena notranjost.<\/li>\n<li>Zlat monogram blagovne znamke.<\/li>\n<li>Prilo\u017eena za\u0161\u010ditna vre\u010dka (dust bag).<\/li>\n<\/ul>","protected":false},"excerpt":{"rendered":"<ul>\n<li>Dimenzije: 24 x 25cm.<\/li>\n<li>Razko\u0161na \u017eametna tkanina.<\/li>\n<li>Sprednji dodatni manj\u0161i razdelek oz. \u017eep.<\/li>\n<li>Zapiranje z zadrgo za varnost in enostavnost.<\/li>\n<li>Udobne, nastavljive naramnice.<\/li>\n<li>Popolnoma podlo\u017eena notranjost.<\/li>\n<li>Zlat monogram blagovne znamke.<\/li>\n<li>Prilo\u017eena za\u0161\u010ditna vre\u010dka (dust bag).<\/li>\n<\/ul>\n<p><strong>Za ohranjanje prvotne kakovosti izdelka priporo\u010damo naslednje:<\/strong><\/p>\n<ul>\n<li>Shranjujte nahrbtnik v prilo\u017eeni za\u0161\u010ditni vre\u010dki, da bo brez prahu in za\u0161\u010diten, ko ga ne uporabljate.<\/li>\n<li>Izdelka ne perite v pralnem stroju.<\/li>\n<li>Ne preobremenjujte nahrbtnika s prete\u017ekimi predmeti.<\/li>\n<li>Robovi iz tkanine so ob\u010dutljivi, zato je z njimi treba ravnati previdno.<\/li>\n<li>\u010ce je bil izdelek izpostavljen de\u017eju ali snegu, ga rahlo obri\u0161ite s papirnato brisa\u010do ali mehko suho krpo ter ga pustite, da se posu\u0161i na ravni povr\u0161ini.<\/li>\n<li>Glavno pravilo: nikoli ne pu\u0161\u010dajte izdelka mokrega, saj lahko pu\u0161\u010da made\u017ee.<\/li>\n<li>Nahrbtnik shranjujte zlo\u017een v prilo\u017eeni za\u0161\u010ditni vre\u010dki (dust bag). Shranjen naj bo v vodoravnem polo\u017eaju, da se prepre\u010di nastanek gub na tkanini.<\/li>\n<li>Enkrat mese\u010dno je priporo\u010dljivo nahrbtnik ne\u017eno pre\u010desati z mehko krta\u010do (zlasti ro\u010daje), prah in vlakna pa odstraniti z lepljivim valj\u010dkom.<\/li>\n<\/ul>\n<p>&nbsp;<\/p>\n<p>Preja, vlakna in nitke se lahko med uporabo rahlo cefrajo. Ni\u010d hudega \u2013 to je povsem obi\u010dajno in zgolj poudari edinstveno lepoto tradicionalne tkanine va\u0161ega nahrbtnika.<\/p>\n<p>Pod nobenim pogojem se nahrbtnik zaradi cefranja ne bo razparal.<\/p>\n<p><strong>Vsak nahrbtnik je ro\u010dno izdelan.<\/strong><br \/>\nVzorec na nahrbtniku, ki ga prejmete, se lahko nekoliko razlikuje od prikazane slike. To je posledica dejstva, da so torbe\u00a0in nahrbtniki <strong>SORENA GREECE<\/strong>\u00a0ro\u010dno izdelani in izrezani iz razli\u010dnih delov iste tkanine, kar pomeni, da je prav vsaka torba oz. nahrbtnik popolnoma edinstven. Morebitne razlike v barvi ali detajlih so naravni rezultat ro\u010dne izdelave, zaradi \u010desar je vsak kos unikaten.<\/p>","protected":false},"featured_media":2272,"comment_status":"closed","ping_status":"closed","template":"","meta":{"_uag_custom_page_level_css":"","site-sidebar-layout":"default","site-content-layout":"","ast-site-content-layout":"default","site-content-style":"default","site-sidebar-style":"default","ast-global-header-display":"","ast-banner-title-visibility":"","ast-main-header-display":"","ast-hfb-above-header-display":"","ast-hfb-below-header-display":"","ast-hfb-mobile-header-display":"","site-post-title":"","ast-breadcrumbs-content":"","ast-featured-img":"","footer-sml-layout":"","theme-transparent-header-meta":"default","adv-header-id-meta":"","stick-header-meta":"","header-above-stick-meta":"","header-main-stick-meta":"","header-below-stick-meta":"","astra-migrate-meta-layouts":"set","ast-page-background-enabled":"default","ast-page-background-meta":{"desktop":{"background-color":"var(--ast-global-color-4)","background-image":"","background-repeat":"repeat","background-position":"center center","background-size":"auto","background-attachment":"scroll","background-type":"","background-media":"","overlay-type":"","overlay-color":"","overlay-opacity":"","overlay-gradient":""},"tablet":{"background-color":"","background-image":"","background-repeat":"repeat","background-position":"center center","background-size":"auto","background-attachment":"scroll","background-type":"","background-media":"","overlay-type":"","overlay-color":"","overlay-opacity":"","overlay-gradient":""},"mobile":{"background-color":"","background-image":"","background-repeat":"repeat","background-position":"center center","background-size":"auto","background-attachment":"scroll","background-type":"","background-media":"","overlay-type":"","overlay-color":"","overlay-opacity":"","overlay-gradient":""}},"ast-content-background-meta":{"desktop":{"background-color":"var(--ast-global-color-5)","background-image":"","background-repeat":"repeat","background-position":"center center","background-size":"auto","background-attachment":"scroll","background-type":"","background-media":"","overlay-type":"","overlay-color":"","overlay-opacity":"","overlay-gradient":""},"tablet":{"background-color":"var(--ast-global-color-5)","background-image":"","background-repeat":"repeat","background-position":"center center","background-size":"auto","background-attachment":"scroll","background-type":"","background-media":"","overlay-type":"","overlay-color":"","overlay-opacity":"","overlay-gradient":""},"mobile":{"background-color":"var(--ast-global-color-5)","background-image":"","background-repeat":"repeat","background-position":"center center","background-size":"auto","background-attachment":"scroll","background-type":"","background-media":"","overlay-type":"","overlay-color":"","overlay-opacity":"","overlay-gradient":""}}},"product_brand":[],"product_cat":[49],"product_tag":[],"class_list":{"0":"post-2266","1":"product","2":"type-product","3":"status-publish","4":"has-post-thumbnail","6":"product_cat-sorena","7":"desktop-align-left","8":"tablet-align-left","9":"mobile-align-left","10":"ast-product-gallery-layout-horizontal","11":"ast-product-gallery-with-no-image","12":"ast-magnify-disabled","13":"ast-qv-on-image","15":"first","16":"outofstock","17":"sale","18":"shipping-taxable","19":"purchasable","20":"product-type-simple"},"uagb_featured_image_src":{"full":["https:\/\/ninaki.si\/wp-content\/uploads\/2025\/09\/CALISTI-MINI-BACKPACK_4-1.jpg",1024,1536,false],"thumbnail":["https:\/\/ninaki.si\/wp-content\/uploads\/2025\/09\/CALISTI-MINI-BACKPACK_4-1-150x150.jpg",150,150,true],"medium":["https:\/\/ninaki.si\/wp-content\/uploads\/2025\/09\/CALISTI-MINI-BACKPACK_4-1-200x300.jpg",200,300,true],"medium_large":["https:\/\/ninaki.si\/wp-content\/uploads\/2025\/09\/CALISTI-MINI-BACKPACK_4-1-768x1152.jpg",768,1152,true],"large":["https:\/\/ninaki.si\/wp-content\/uploads\/2025\/09\/CALISTI-MINI-BACKPACK_4-1-683x1024.jpg",683,1024,true],"1536x1536":["https:\/\/ninaki.si\/wp-content\/uploads\/2025\/09\/CALISTI-MINI-BACKPACK_4-1.jpg",1024,1536,false],"2048x2048":["https:\/\/ninaki.si\/wp-content\/uploads\/2025\/09\/CALISTI-MINI-BACKPACK_4-1.jpg",1024,1536,false],"trp-custom-language-flag":["https:\/\/ninaki.si\/wp-content\/uploads\/2025\/09\/CALISTI-MINI-BACKPACK_4-1-8x12.jpg",8,12,true],"woocommerce_thumbnail":["https:\/\/ninaki.si\/wp-content\/uploads\/2025\/09\/CALISTI-MINI-BACKPACK_4-1-600x900.jpg",600,900,true],"woocommerce_single":["https:\/\/ninaki.si\/wp-content\/uploads\/2025\/09\/CALISTI-MINI-BACKPACK_4-1-800x1200.jpg",800,1200,true],"woocommerce_gallery_thumbnail":["https:\/\/ninaki.si\/wp-content\/uploads\/2025\/09\/CALISTI-MINI-BACKPACK_4-1-100x100.jpg",100,100,true]},"uagb_author_info":{"display_name":"tone","author_link":"https:\/\/ninaki.si\/sl\/author\/"},"uagb_comment_info":0,"uagb_excerpt":"Dimenzije: 24 x 25cm. Razko\u0161na \u017eametna tkanina. Sprednji dodatni manj\u0161i razdelek oz. \u017eep. Zapiranje z zadrgo za varnost in enostavnost. Udobne, nastavljive naramnice. Popolnoma podlo\u017eena notranjost. Zlat monogram blagovne znamke. Prilo\u017eena za\u0161\u010ditna vre\u010dka (dust bag). Za ohranjanje prvotne kakovosti izdelka priporo\u010damo naslednje: Shranjujte nahrbtnik v prilo\u017eeni za\u0161\u010ditni vre\u010dki, da bo brez prahu in za\u0161\u010diten, ko&hellip;","jetpack_sharing_enabled":true,"_links":{"self":[{"href":"https:\/\/ninaki.si\/sl\/wp-json\/wp\/v2\/product\/2266","targetHints":{"allow":["GET"]}}],"collection":[{"href":"https:\/\/ninaki.si\/sl\/wp-json\/wp\/v2\/product"}],"about":[{"href":"https:\/\/ninaki.si\/sl\/wp-json\/wp\/v2\/types\/product"}],"replies":[{"embeddable":true,"href":"https:\/\/ninaki.si\/sl\/wp-json\/wp\/v2\/comments?post=2266"}],"version-history":[{"count":1,"href":"https:\/\/ninaki.si\/sl\/wp-json\/wp\/v2\/product\/2266\/revisions"}],"predecessor-version":[{"id":2273,"href":"https:\/\/ninaki.si\/sl\/wp-json\/wp\/v2\/product\/2266\/revisions\/2273"}],"wp:featuredmedia":[{"embeddable":true,"href":"https:\/\/ninaki.si\/sl\/wp-json\/wp\/v2\/media\/2272"}],"wp:attachment":[{"href":"https:\/\/ninaki.si\/sl\/wp-json\/wp\/v2\/media?parent=2266"}],"wp:term":[{"taxonomy":"product_brand","embeddable":true,"href":"https:\/\/ninaki.si\/sl\/wp-json\/wp\/v2\/product_brand?post=2266"},{"taxonomy":"product_cat","embeddable":true,"href":"https:\/\/ninaki.si\/sl\/wp-json\/wp\/v2\/product_cat?post=2266"},{"taxonomy":"product_tag","embeddable":true,"href":"https:\/\/ninaki.si\/sl\/wp-json\/wp\/v2\/product_tag?post=2266"}],"curies":[{"name":"wp","href":"https:\/\/api.w.org\/{rel}","templated":true}]}}