{"id":2213,"date":"2025-09-14T05:13:54","date_gmt":"2025-09-14T05:13:54","guid":{"rendered":"https:\/\/ninaki.si\/?post_type=product&#038;p=2213"},"modified":"2025-12-19T18:02:28","modified_gmt":"2025-12-19T18:02:28","slug":"2213","status":"publish","type":"product","link":"https:\/\/ninaki.si\/sl\/izdelek\/2213\/","title":{"rendered":"GLORIA LARGE TOTE"},"content":{"rendered":"<ul>\n<li>Zapiranje z zadrgo<\/li>\n<li>Dimenzije: 42 x 30 cm<\/li>\n<li>Prepoznavna rde\u010da \u017eametna podloga v notranjosti<\/li>\n<li>Prilo\u017eena za\u0161\u010ditna vre\u010dka (dust bag)<\/li>\n<li>Unikaten pa\u0161\u010dek SORENA<\/li>\n<\/ul>","protected":false},"excerpt":{"rendered":"<ul>\n<li>Zapiranje z zadrgo<\/li>\n<li>Dimenzije: 42 x 30 cm<\/li>\n<li>Prepoznavna rde\u010da \u017eametna podloga v notranjosti<\/li>\n<li>Prilo\u017eena za\u0161\u010ditna vre\u010dka (dust bag)<\/li>\n<li>Unikaten pa\u0161\u010dek SORENA<\/li>\n<\/ul>\n<p><strong>Za ohranjanje prvotne kakovosti izdelka priporo\u010damo naslednje:<\/strong><\/p>\n<ul>\n<li>Shranjujte torbo v prilo\u017eeni za\u0161\u010ditni vre\u010dki, da bo brez prahu in za\u0161\u010ditena, ko je ne uporabljate.<\/li>\n<li>Izdelka ne perite v pralnem stroju.<\/li>\n<li>Ne preobremenjujte torbe s prete\u017ekimi predmeti.<\/li>\n<li>Robovi iz tkanine so ob\u010dutljivi, zato je z njimi treba ravnati previdno.<\/li>\n<li>\u010ce je bil izdelek izpostavljen de\u017eju ali snegu, ga rahlo obri\u0161ite s papirnato brisa\u010do ali mehko suho krpo ter ga pustite, da se posu\u0161i na ravni povr\u0161ini.<\/li>\n<li>Glavno pravilo: nikoli ne pu\u0161\u010dajte izdelka mokrega, saj lahko pu\u0161\u010da made\u017ee.<\/li>\n<li>Torbo shranjujte zlo\u017eeno v prilo\u017eeni za\u0161\u010ditni vre\u010dki (dust bag). Shranjena naj bo v vodoravnem polo\u017eaju, da se prepre\u010di nastanek gub na tkanini.<\/li>\n<li>Enkrat mese\u010dno je priporo\u010dljivo torbo ne\u017eno pre\u010desati z mehko krta\u010do (zlasti ro\u010daje), prah in vlakna pa odstraniti z lepljivim valj\u010dkom.<\/li>\n<\/ul>\n<p>&nbsp;<\/p>\n<p>Preja, vlakna in nitke se lahko med uporabo rahlo cefrajo. Ni\u010d hudega \u2013 to je povsem obi\u010dajno in zgolj poudari edinstveno lepoto tradicionalne tkanine va\u0161e torbe.<\/p>\n<p>Pod nobenim pogojem se torba zaradi cefranja ne bo razparala.<br \/>\n\u010ce vam mote\u010de nitke na robovih niso v\u0161e\u010d, jih lahko ne\u017eno odstranite s \u0161karjicami.<\/p>\n<p><strong>Vsaka torba je ro\u010dno izdelana.<\/strong><br \/>\nVzorec na torbi, ki jo prejmete, se lahko nekoliko razlikuje od prikazane slike. To je posledica dejstva, da so torbe <strong>SORENA GREECE<\/strong> ro\u010dno izdelane in izrezane iz razli\u010dnih delov iste tkanine, kar pomeni, da je prav vsaka torba popolnoma edinstvena. Morebitne razlike v barvi ali detajlih so naravni rezultat ro\u010dne izdelave, zaradi \u010desar je vsak kos unikaten.<\/p>","protected":false},"featured_media":2214,"comment_status":"closed","ping_status":"closed","template":"","meta":{"_uag_custom_page_level_css":"","site-sidebar-layout":"default","site-content-layout":"","ast-site-content-layout":"default","site-content-style":"default","site-sidebar-style":"default","ast-global-header-display":"","ast-banner-title-visibility":"","ast-main-header-display":"","ast-hfb-above-header-display":"","ast-hfb-below-header-display":"","ast-hfb-mobile-header-display":"","site-post-title":"","ast-breadcrumbs-content":"","ast-featured-img":"","footer-sml-layout":"","theme-transparent-header-meta":"default","adv-header-id-meta":"","stick-header-meta":"","header-above-stick-meta":"","header-main-stick-meta":"","header-below-stick-meta":"","astra-migrate-meta-layouts":"set","ast-page-background-enabled":"default","ast-page-background-meta":{"desktop":{"background-color":"var(--ast-global-color-4)","background-image":"","background-repeat":"repeat","background-position":"center center","background-size":"auto","background-attachment":"scroll","background-type":"","background-media":"","overlay-type":"","overlay-color":"","overlay-opacity":"","overlay-gradient":""},"tablet":{"background-color":"","background-image":"","background-repeat":"repeat","background-position":"center center","background-size":"auto","background-attachment":"scroll","background-type":"","background-media":"","overlay-type":"","overlay-color":"","overlay-opacity":"","overlay-gradient":""},"mobile":{"background-color":"","background-image":"","background-repeat":"repeat","background-position":"center center","background-size":"auto","background-attachment":"scroll","background-type":"","background-media":"","overlay-type":"","overlay-color":"","overlay-opacity":"","overlay-gradient":""}},"ast-content-background-meta":{"desktop":{"background-color":"var(--ast-global-color-5)","background-image":"","background-repeat":"repeat","background-position":"center center","background-size":"auto","background-attachment":"scroll","background-type":"","background-media":"","overlay-type":"","overlay-color":"","overlay-opacity":"","overlay-gradient":""},"tablet":{"background-color":"var(--ast-global-color-5)","background-image":"","background-repeat":"repeat","background-position":"center center","background-size":"auto","background-attachment":"scroll","background-type":"","background-media":"","overlay-type":"","overlay-color":"","overlay-opacity":"","overlay-gradient":""},"mobile":{"background-color":"var(--ast-global-color-5)","background-image":"","background-repeat":"repeat","background-position":"center center","background-size":"auto","background-attachment":"scroll","background-type":"","background-media":"","overlay-type":"","overlay-color":"","overlay-opacity":"","overlay-gradient":""}}},"product_brand":[],"product_cat":[49],"product_tag":[],"class_list":{"0":"post-2213","1":"product","2":"type-product","3":"status-publish","4":"has-post-thumbnail","6":"product_cat-sorena","7":"desktop-align-left","8":"tablet-align-left","9":"mobile-align-left","10":"ast-product-gallery-layout-horizontal","11":"ast-magnify-disabled","12":"ast-qv-on-image","14":"first","15":"instock","16":"sale","17":"shipping-taxable","18":"purchasable","19":"product-type-simple"},"uagb_featured_image_src":{"full":["https:\/\/ninaki.si\/wp-content\/uploads\/2025\/09\/GLORIA-LARGE-TOTE-BAG.png",1320,1800,false],"thumbnail":["https:\/\/ninaki.si\/wp-content\/uploads\/2025\/09\/GLORIA-LARGE-TOTE-BAG-150x150.png",150,150,true],"medium":["https:\/\/ninaki.si\/wp-content\/uploads\/2025\/09\/GLORIA-LARGE-TOTE-BAG-220x300.png",220,300,true],"medium_large":["https:\/\/ninaki.si\/wp-content\/uploads\/2025\/09\/GLORIA-LARGE-TOTE-BAG-768x1047.png",768,1047,true],"large":["https:\/\/ninaki.si\/wp-content\/uploads\/2025\/09\/GLORIA-LARGE-TOTE-BAG-751x1024.png",751,1024,true],"1536x1536":["https:\/\/ninaki.si\/wp-content\/uploads\/2025\/09\/GLORIA-LARGE-TOTE-BAG-1126x1536.png",1126,1536,true],"2048x2048":["https:\/\/ninaki.si\/wp-content\/uploads\/2025\/09\/GLORIA-LARGE-TOTE-BAG.png",1320,1800,false],"trp-custom-language-flag":["https:\/\/ninaki.si\/wp-content\/uploads\/2025\/09\/GLORIA-LARGE-TOTE-BAG-9x12.png",9,12,true],"woocommerce_thumbnail":["https:\/\/ninaki.si\/wp-content\/uploads\/2025\/09\/GLORIA-LARGE-TOTE-BAG-600x818.png",600,818,true],"woocommerce_single":["https:\/\/ninaki.si\/wp-content\/uploads\/2025\/09\/GLORIA-LARGE-TOTE-BAG-800x1091.png",800,1091,true],"woocommerce_gallery_thumbnail":["https:\/\/ninaki.si\/wp-content\/uploads\/2025\/09\/GLORIA-LARGE-TOTE-BAG-100x100.png",100,100,true]},"uagb_author_info":{"display_name":"tone","author_link":"https:\/\/ninaki.si\/sl\/author\/"},"uagb_comment_info":0,"uagb_excerpt":"Zapiranje z zadrgo Dimenzije: 42 x 30 cm Prepoznavna rde\u010da \u017eametna podloga v notranjosti Prilo\u017eena za\u0161\u010ditna vre\u010dka (dust bag) Unikaten pa\u0161\u010dek SORENA Za ohranjanje prvotne kakovosti izdelka priporo\u010damo naslednje: Shranjujte torbo v prilo\u017eeni za\u0161\u010ditni vre\u010dki, da bo brez prahu in za\u0161\u010ditena, ko je ne uporabljate. Izdelka ne perite v pralnem stroju. Ne preobremenjujte torbe s&hellip;","jetpack_sharing_enabled":true,"_links":{"self":[{"href":"https:\/\/ninaki.si\/sl\/wp-json\/wp\/v2\/product\/2213","targetHints":{"allow":["GET"]}}],"collection":[{"href":"https:\/\/ninaki.si\/sl\/wp-json\/wp\/v2\/product"}],"about":[{"href":"https:\/\/ninaki.si\/sl\/wp-json\/wp\/v2\/types\/product"}],"replies":[{"embeddable":true,"href":"https:\/\/ninaki.si\/sl\/wp-json\/wp\/v2\/comments?post=2213"}],"version-history":[{"count":2,"href":"https:\/\/ninaki.si\/sl\/wp-json\/wp\/v2\/product\/2213\/revisions"}],"predecessor-version":[{"id":2216,"href":"https:\/\/ninaki.si\/sl\/wp-json\/wp\/v2\/product\/2213\/revisions\/2216"}],"wp:featuredmedia":[{"embeddable":true,"href":"https:\/\/ninaki.si\/sl\/wp-json\/wp\/v2\/media\/2214"}],"wp:attachment":[{"href":"https:\/\/ninaki.si\/sl\/wp-json\/wp\/v2\/media?parent=2213"}],"wp:term":[{"taxonomy":"product_brand","embeddable":true,"href":"https:\/\/ninaki.si\/sl\/wp-json\/wp\/v2\/product_brand?post=2213"},{"taxonomy":"product_cat","embeddable":true,"href":"https:\/\/ninaki.si\/sl\/wp-json\/wp\/v2\/product_cat?post=2213"},{"taxonomy":"product_tag","embeddable":true,"href":"https:\/\/ninaki.si\/sl\/wp-json\/wp\/v2\/product_tag?post=2213"}],"curies":[{"name":"wp","href":"https:\/\/api.w.org\/{rel}","templated":true}]}}