{"id":1905,"date":"2025-06-26T09:08:59","date_gmt":"2025-06-26T09:08:59","guid":{"rendered":"https:\/\/ninaki.si\/?post_type=product&#038;p=1905"},"modified":"2026-03-29T19:21:14","modified_gmt":"2026-03-29T19:21:14","slug":"afrodita","status":"publish","type":"product","link":"https:\/\/ninaki.si\/sl\/izdelek\/afrodita\/","title":{"rendered":"Afrodita"},"content":{"rendered":"<p>So trenutki, ko se pri nakupu \u010devljev ne morete odlo\u010diti, katero barvo bi izbrali? V\u0161e\u010d vam je zlata, a tudi srebrna bi bila krasna za kombinacijo k tisti sivi oblekici, ki jo imate v omari. Ti sandali v kombinaciji zlate, srebrne in bakrene barve, brez\u010dasnega dizajna in ro\u010dno izdelani iz pravega usnja, vas v trenutku re\u0161ijo vsake dileme. Pa\u0161\u010dki v kovinskih odtenkih ustvarjajo \u010dudovit kontrast in hkrati harmoni\u010dno celoto, ki se bo podala vsaki barvni kombinaciji v va\u0161i garderobi. Zagotovo se jih ne bi branila niti Afrodita.<\/p>\n<ul>\n<li>Visokokakovostno gr\u0161ko pravo usnje, trpe\u017eno in brez kemi\u010dnih obdelav (zgornji del in podplat).<\/li>\n<li>Usnjen podplat za razliko od podplata iz gume daje kon\u010dnemu izdelku bolj eleganten in &#8221;premium&#8221; videz, je bolj &#8221;zra\u010den&#8221; in udoben, zlasti pri visokih temperaturah. Cenijo ga kupci, ki i\u0161\u010dejo nekaj kakovostnega in brez\u010dasnega.<\/li>\n<li>Zapiranje z zaponko okoli gle\u017enja za optimalno prileganje.<\/li>\n<li>Ro\u010dna izdelava.<\/li>\n<li>Udoben, lahek in zra\u010den dizajn.<\/li>\n<li>Sijo\u010di kovinski odtenki zlate, srebrne in bakrene barve, ki se podajo vsem barvnim kombinacijam. Usnje je barvano po tradicionalni tehniki brez dodatnih kemikalij.<\/li>\n<\/ul>\n<p>NEGA IN VZDR\u017dEVANJE<\/p>\n<p>Da bodo va\u0161i usnjeni sandali ohranili svoj sijaj in mehkobo, priporo\u010damo naslednjo nego:<\/p>\n<ul>\n<li>\u010ci\u0161\u010denje: Po vsakem no\u0161enju obri\u0161ite usnje z mehko, suho ali rahlo navla\u017eeno krpo. Izogibajte se mo\u010denju v vodi.<\/li>\n<li>Vla\u017eenje: Ob\u010dasno uporabite kakovostno kremo ali balzam za usnje, ki ohranja pro\u017enost materiala in prepre\u010duje izsu\u0161itev ter pokanje.<\/li>\n<li>Shranjevanje: Shranjujte jih na suhem in zra\u010dnem mestu, stran od neposredne son\u010dne svetlobe in virov toplote. Priporo\u010damo uporabo lesenih ali papirnatih polnil za ohranjanje oblike.<\/li>\n<\/ul>\n<p><strong>\u0160tevilke so manj\u0161e, priporo\u010damo nakup eno \u0161tevilko ve\u010dje, kot nosite obi\u010dajno.<\/strong><\/p>","protected":false},"excerpt":{"rendered":"<p>So trenutki, ko se pri nakupu \u010devljev ne morete odlo\u010diti, katero barvo bi izbrali? V\u0161e\u010d vam je zlata, a tudi srebrna bi bila krasna za kombinacijo k tisti sivi oblekici, ki jo imate v omari. Ti sandali v kombinaciji zlate, srebrne in bakrene barve, brez\u010dasnega dizajna in ro\u010dno izdelani iz pravega usnja, vas v trenutku re\u0161ijo vsake dileme. Pa\u0161\u010dki v kovinskih odtenkih ustvarjajo \u010dudovit kontrast in hkrati harmoni\u010dno celoto, ki se bo podala vsaki barvni kombinaciji v va\u0161i garderobi. Zagotovo se jih ne bi branila niti Afrodita.<\/p>\n<ul>\n<li>Visokokakovostno gr\u0161ko pravo usnje, trpe\u017eno in brez kemi\u010dnih obdelav (zgornji del in podplat).<\/li>\n<li>Usnjen podplat za razliko od podplata iz gume daje kon\u010dnemu izdelku bolj eleganten in &#8221;premium&#8221; videz, je bolj &#8221;zra\u010den&#8221; in udoben, zlasti pri visokih temperaturah. Cenijo ga kupci, ki i\u0161\u010dejo nekaj kakovostnega in brez\u010dasnega.<\/li>\n<li>Zapiranje z zaponko okoli gle\u017enja za optimalno prileganje.<\/li>\n<li>Ro\u010dna izdelava.<\/li>\n<li>Udoben, lahek in zra\u010den dizajn.<\/li>\n<li>Sijo\u010di kovinski odtenki zlate, srebrne in bakrene barve, ki se podajo vsem barvnim kombinacijam. Usnje je barvano po tradicionalni tehniki brez dodatnih kemikalij.<\/li>\n<\/ul>\n<p>NEGA IN VZDR\u017dEVANJE<\/p>\n<p>Da bodo va\u0161i usnjeni sandali ohranili svoj sijaj in mehkobo, priporo\u010damo naslednjo nego:<\/p>\n<ul>\n<li>\u010ci\u0161\u010denje: Po vsakem no\u0161enju obri\u0161ite usnje z mehko, suho ali rahlo navla\u017eeno krpo. Izogibajte se mo\u010denju v vodi.<\/li>\n<li>Vla\u017eenje: Ob\u010dasno uporabite kakovostno kremo ali balzam za usnje, ki ohranja pro\u017enost materiala in prepre\u010duje izsu\u0161itev ter pokanje.<\/li>\n<li>Shranjevanje: Shranjujte jih na suhem in zra\u010dnem mestu, stran od neposredne son\u010dne svetlobe in virov toplote. Priporo\u010damo uporabo lesenih ali papirnatih polnil za ohranjanje oblike.<\/li>\n<\/ul>\n<p><strong>\u0160tevilke so manj\u0161e, priporo\u010damo nakup eno \u0161tevilko ve\u010dje, kot nosite obi\u010dajno.<\/strong><\/p>","protected":false},"featured_media":1938,"template":"","meta":{"_uag_custom_page_level_css":"","site-sidebar-layout":"default","site-content-layout":"","ast-site-content-layout":"default","site-content-style":"default","site-sidebar-style":"default","ast-global-header-display":"","ast-banner-title-visibility":"","ast-main-header-display":"","ast-hfb-above-header-display":"","ast-hfb-below-header-display":"","ast-hfb-mobile-header-display":"","site-post-title":"","ast-breadcrumbs-content":"","ast-featured-img":"","footer-sml-layout":"","theme-transparent-header-meta":"default","adv-header-id-meta":"","stick-header-meta":"","header-above-stick-meta":"","header-main-stick-meta":"","header-below-stick-meta":"","astra-migrate-meta-layouts":"set","ast-page-background-enabled":"default","ast-page-background-meta":{"desktop":{"background-color":"var(--ast-global-color-4)","background-image":"","background-repeat":"repeat","background-position":"center center","background-size":"auto","background-attachment":"scroll","background-type":"","background-media":"","overlay-type":"","overlay-color":"","overlay-opacity":"","overlay-gradient":""},"tablet":{"background-color":"","background-image":"","background-repeat":"repeat","background-position":"center center","background-size":"auto","background-attachment":"scroll","background-type":"","background-media":"","overlay-type":"","overlay-color":"","overlay-opacity":"","overlay-gradient":""},"mobile":{"background-color":"","background-image":"","background-repeat":"repeat","background-position":"center center","background-size":"auto","background-attachment":"scroll","background-type":"","background-media":"","overlay-type":"","overlay-color":"","overlay-opacity":"","overlay-gradient":""}},"ast-content-background-meta":{"desktop":{"background-color":"var(--ast-global-color-5)","background-image":"","background-repeat":"repeat","background-position":"center center","background-size":"auto","background-attachment":"scroll","background-type":"","background-media":"","overlay-type":"","overlay-color":"","overlay-opacity":"","overlay-gradient":""},"tablet":{"background-color":"var(--ast-global-color-5)","background-image":"","background-repeat":"repeat","background-position":"center center","background-size":"auto","background-attachment":"scroll","background-type":"","background-media":"","overlay-type":"","overlay-color":"","overlay-opacity":"","overlay-gradient":""},"mobile":{"background-color":"var(--ast-global-color-5)","background-image":"","background-repeat":"repeat","background-position":"center center","background-size":"auto","background-attachment":"scroll","background-type":"","background-media":"","overlay-type":"","overlay-color":"","overlay-opacity":"","overlay-gradient":""}}},"product_brand":[],"product_cat":[59],"product_tag":[],"class_list":{"0":"post-1905","1":"product","2":"type-product","3":"status-publish","4":"has-post-thumbnail","6":"product_cat-xirouchakis","7":"desktop-align-left","8":"tablet-align-left","9":"mobile-align-left","10":"ast-product-gallery-layout-horizontal","11":"ast-magnify-disabled","12":"ast-product-single-variable","13":"ast-qv-on-image","15":"first","16":"instock","17":"shipping-taxable","18":"purchasable","19":"product-type-variable"},"uagb_featured_image_src":{"full":["https:\/\/ninaki.si\/wp-content\/uploads\/2025\/06\/Obutev_4.jpg",1200,1200,false],"thumbnail":["https:\/\/ninaki.si\/wp-content\/uploads\/2025\/06\/Obutev_4-150x150.jpg",150,150,true],"medium":["https:\/\/ninaki.si\/wp-content\/uploads\/2025\/06\/Obutev_4-300x300.jpg",300,300,true],"medium_large":["https:\/\/ninaki.si\/wp-content\/uploads\/2025\/06\/Obutev_4-768x768.jpg",768,768,true],"large":["https:\/\/ninaki.si\/wp-content\/uploads\/2025\/06\/Obutev_4-1024x1024.jpg",1024,1024,true],"1536x1536":["https:\/\/ninaki.si\/wp-content\/uploads\/2025\/06\/Obutev_4.jpg",1200,1200,false],"2048x2048":["https:\/\/ninaki.si\/wp-content\/uploads\/2025\/06\/Obutev_4.jpg",1200,1200,false],"trp-custom-language-flag":["https:\/\/ninaki.si\/wp-content\/uploads\/2025\/06\/Obutev_4-12x12.jpg",12,12,true],"woocommerce_thumbnail":["https:\/\/ninaki.si\/wp-content\/uploads\/2025\/06\/Obutev_4-600x600.jpg",600,600,true],"woocommerce_single":["https:\/\/ninaki.si\/wp-content\/uploads\/2025\/06\/Obutev_4-800x800.jpg",800,800,true],"woocommerce_gallery_thumbnail":["https:\/\/ninaki.si\/wp-content\/uploads\/2025\/06\/Obutev_4-100x100.jpg",100,100,true]},"uagb_author_info":{"display_name":"tone","author_link":"https:\/\/ninaki.si\/sl\/author\/"},"uagb_comment_info":0,"uagb_excerpt":"So trenutki, ko se pri nakupu \u010devljev ne morete odlo\u010diti, katero barvo bi izbrali? V\u0161e\u010d vam je zlata, a tudi srebrna bi bila krasna za kombinacijo k tisti sivi oblekici, ki jo imate v omari. Ti sandali v kombinaciji zlate, srebrne in bakrene barve, brez\u010dasnega dizajna in ro\u010dno izdelani iz pravega usnja, vas v trenutku&hellip;","jetpack_sharing_enabled":true,"_links":{"self":[{"href":"https:\/\/ninaki.si\/sl\/wp-json\/wp\/v2\/product\/1905","targetHints":{"allow":["GET"]}}],"collection":[{"href":"https:\/\/ninaki.si\/sl\/wp-json\/wp\/v2\/product"}],"about":[{"href":"https:\/\/ninaki.si\/sl\/wp-json\/wp\/v2\/types\/product"}],"version-history":[{"count":3,"href":"https:\/\/ninaki.si\/sl\/wp-json\/wp\/v2\/product\/1905\/revisions"}],"predecessor-version":[{"id":2013,"href":"https:\/\/ninaki.si\/sl\/wp-json\/wp\/v2\/product\/1905\/revisions\/2013"}],"wp:featuredmedia":[{"embeddable":true,"href":"https:\/\/ninaki.si\/sl\/wp-json\/wp\/v2\/media\/1938"}],"wp:attachment":[{"href":"https:\/\/ninaki.si\/sl\/wp-json\/wp\/v2\/media?parent=1905"}],"wp:term":[{"taxonomy":"product_brand","embeddable":true,"href":"https:\/\/ninaki.si\/sl\/wp-json\/wp\/v2\/product_brand?post=1905"},{"taxonomy":"product_cat","embeddable":true,"href":"https:\/\/ninaki.si\/sl\/wp-json\/wp\/v2\/product_cat?post=1905"},{"taxonomy":"product_tag","embeddable":true,"href":"https:\/\/ninaki.si\/sl\/wp-json\/wp\/v2\/product_tag?post=1905"}],"curies":[{"name":"wp","href":"https:\/\/api.w.org\/{rel}","templated":true}]}}