{"id":1185,"date":"2025-02-17T18:47:52","date_gmt":"2025-02-17T18:47:52","guid":{"rendered":"https:\/\/ninaki.si\/?post_type=product&#038;p=1185"},"modified":"2025-10-01T01:47:20","modified_gmt":"2025-10-01T01:47:20","slug":"s25k-550142","status":"publish","type":"product","link":"https:\/\/ninaki.si\/sl\/izdelek\/s25k-550142\/","title":{"rendered":"S25K-550142"},"content":{"rendered":"<p>Srajca <em>Lefkada<\/em> z dolgimi rokavi, ki jo lahko nosite spu\u0161\u010deno ali si jo modno zatla\u010dite za hla\u010de. Za vse, ki imate rade \u0161portno-eleganten videz.<\/p>\n<ul>\n<li>Sestava: 70% ramija, 15% viskoza ecovero, 15% rajon<\/li>\n<li>Vezilna nit: 100% poliester<\/li>\n<li>\n<p style=\"margin: 0in;background: white;vertical-align: baseline\"><span style=\"color: #364151;background: white\">Barva: svetlo siva z vezenimi detajli v barvi \u0161ampanjca ali be\u017e z zlato vezenino<\/span><\/p>\n<\/li>\n<\/ul>\n<p>Velikost: XS, S, M<\/p>\n<p><em>Dobro je vedeti, da so kroji kolekcije Greek Archaic Kori kar ohlapni, <\/em><em>tako da je pri marsikaterem artiklu priporo\u010dljivo vzeti \u0161tevilko manj\u0161o <\/em><em>velikost, kot jo nosite sicer. Za vsak primer, \u010de ste v dilemi, pa me \u0161e <\/em><em>vedno lahko kontaktirate in bova skupaj vse izmerili in ugotovili, <\/em><em>katera \u0161tevilka bi bila najprimernej\u0161a za vas.<\/em><\/p>","protected":false},"excerpt":{"rendered":"<p>Srajca <em>Lefkada<\/em> z dolgimi rokavi, ki jo lahko nosite spu\u0161\u010deno ali si jo modno zatla\u010dite za hla\u010de. Za vse, ki imate rade \u0161portno-eleganten videz.<\/p>\n<ul>\n<li>Sestava: 70% ramija, 15% viskoza ecovero, 15% rajon<\/li>\n<li>Vezilna nit: 100% poliester<\/li>\n<li>\n<p style=\"margin: 0in;background: white;vertical-align: baseline\"><span style=\"color: #364151;background: white\">Barva: svetlo siva z vezenimi detajli v barvi \u0161ampanjca ali be\u017e z zlato vezenino<\/span><\/p>\n<\/li>\n<\/ul>\n<p>Velikost: XS, S, M<\/p>\n<p><em>Dobro je vedeti, da so kroji kolekcije Greek Archaic Kori kar ohlapni, <\/em><em>tako da je pri marsikaterem artiklu priporo\u010dljivo vzeti \u0161tevilko manj\u0161o <\/em><em>velikost, kot jo nosite sicer. Za vsak primer, \u010de ste v dilemi, pa me \u0161e <\/em><em>vedno lahko kontaktirate in bova skupaj vse izmerili in ugotovili, <\/em><em>katera \u0161tevilka bi bila najprimernej\u0161a za vas.<\/em><\/p>\n<h5><a href=\"https:\/\/ninaki.si\/sl\/tabela-velikosti\/\" target=\"_blank\" rel=\"noopener\">Preverite velikost<\/a><\/h5>","protected":false},"featured_media":1792,"comment_status":"closed","ping_status":"closed","template":"","meta":{"_uag_custom_page_level_css":"","site-sidebar-layout":"default","site-content-layout":"","ast-site-content-layout":"default","site-content-style":"default","site-sidebar-style":"default","ast-global-header-display":"","ast-banner-title-visibility":"","ast-main-header-display":"","ast-hfb-above-header-display":"","ast-hfb-below-header-display":"","ast-hfb-mobile-header-display":"","site-post-title":"","ast-breadcrumbs-content":"","ast-featured-img":"","footer-sml-layout":"","theme-transparent-header-meta":"default","adv-header-id-meta":"","stick-header-meta":"","header-above-stick-meta":"","header-main-stick-meta":"","header-below-stick-meta":"","astra-migrate-meta-layouts":"set","ast-page-background-enabled":"default","ast-page-background-meta":{"desktop":{"background-color":"var(--ast-global-color-4)","background-image":"","background-repeat":"repeat","background-position":"center center","background-size":"auto","background-attachment":"scroll","background-type":"","background-media":"","overlay-type":"","overlay-color":"","overlay-opacity":"","overlay-gradient":""},"tablet":{"background-color":"","background-image":"","background-repeat":"repeat","background-position":"center center","background-size":"auto","background-attachment":"scroll","background-type":"","background-media":"","overlay-type":"","overlay-color":"","overlay-opacity":"","overlay-gradient":""},"mobile":{"background-color":"","background-image":"","background-repeat":"repeat","background-position":"center center","background-size":"auto","background-attachment":"scroll","background-type":"","background-media":"","overlay-type":"","overlay-color":"","overlay-opacity":"","overlay-gradient":""}},"ast-content-background-meta":{"desktop":{"background-color":"var(--ast-global-color-5)","background-image":"","background-repeat":"repeat","background-position":"center center","background-size":"auto","background-attachment":"scroll","background-type":"","background-media":"","overlay-type":"","overlay-color":"","overlay-opacity":"","overlay-gradient":""},"tablet":{"background-color":"var(--ast-global-color-5)","background-image":"","background-repeat":"repeat","background-position":"center center","background-size":"auto","background-attachment":"scroll","background-type":"","background-media":"","overlay-type":"","overlay-color":"","overlay-opacity":"","overlay-gradient":""},"mobile":{"background-color":"var(--ast-global-color-5)","background-image":"","background-repeat":"repeat","background-position":"center center","background-size":"auto","background-attachment":"scroll","background-type":"","background-media":"","overlay-type":"","overlay-color":"","overlay-opacity":"","overlay-gradient":""}}},"product_brand":[],"product_cat":[50,47],"product_tag":[],"class_list":{"0":"post-1185","1":"product","2":"type-product","3":"status-publish","4":"has-post-thumbnail","6":"product_cat-kori","7":"product_cat-oblacila","8":"desktop-align-left","9":"tablet-align-left","10":"mobile-align-left","11":"ast-product-gallery-layout-horizontal","12":"ast-magnify-disabled","13":"ast-product-single-variable","14":"ast-qv-on-image","16":"first","17":"instock","18":"shipping-taxable","19":"purchasable","20":"product-type-variable"},"uagb_featured_image_src":{"full":["https:\/\/ninaki.si\/wp-content\/uploads\/2025\/02\/1U4A7468-copy-2.jpg",960,1200,false],"thumbnail":["https:\/\/ninaki.si\/wp-content\/uploads\/2025\/02\/1U4A7468-copy-2-150x150.jpg",150,150,true],"medium":["https:\/\/ninaki.si\/wp-content\/uploads\/2025\/02\/1U4A7468-copy-2-240x300.jpg",240,300,true],"medium_large":["https:\/\/ninaki.si\/wp-content\/uploads\/2025\/02\/1U4A7468-copy-2-768x960.jpg",768,960,true],"large":["https:\/\/ninaki.si\/wp-content\/uploads\/2025\/02\/1U4A7468-copy-2-819x1024.jpg",819,1024,true],"1536x1536":["https:\/\/ninaki.si\/wp-content\/uploads\/2025\/02\/1U4A7468-copy-2.jpg",960,1200,false],"2048x2048":["https:\/\/ninaki.si\/wp-content\/uploads\/2025\/02\/1U4A7468-copy-2.jpg",960,1200,false],"trp-custom-language-flag":["https:\/\/ninaki.si\/wp-content\/uploads\/2025\/02\/1U4A7468-copy-2-10x12.jpg",10,12,true],"woocommerce_thumbnail":["https:\/\/ninaki.si\/wp-content\/uploads\/2025\/02\/1U4A7468-copy-2-600x750.jpg",600,750,true],"woocommerce_single":["https:\/\/ninaki.si\/wp-content\/uploads\/2025\/02\/1U4A7468-copy-2-800x1000.jpg",800,1000,true],"woocommerce_gallery_thumbnail":["https:\/\/ninaki.si\/wp-content\/uploads\/2025\/02\/1U4A7468-copy-2-100x100.jpg",100,100,true]},"uagb_author_info":{"display_name":"tone","author_link":"https:\/\/ninaki.si\/sl\/author\/"},"uagb_comment_info":0,"uagb_excerpt":"Srajca Lefkada z dolgimi rokavi, ki jo lahko nosite spu\u0161\u010deno ali si jo modno zatla\u010dite za hla\u010de. Za vse, ki imate rade \u0161portno-eleganten videz. Sestava: 70% ramija, 15% viskoza ecovero, 15% rajon Vezilna nit: 100% poliester Barva: svetlo siva z vezenimi detajli v barvi \u0161ampanjca ali be\u017e z zlato vezenino Velikost: XS, S, M Dobro&hellip;","jetpack_sharing_enabled":true,"_links":{"self":[{"href":"https:\/\/ninaki.si\/sl\/wp-json\/wp\/v2\/product\/1185","targetHints":{"allow":["GET"]}}],"collection":[{"href":"https:\/\/ninaki.si\/sl\/wp-json\/wp\/v2\/product"}],"about":[{"href":"https:\/\/ninaki.si\/sl\/wp-json\/wp\/v2\/types\/product"}],"replies":[{"embeddable":true,"href":"https:\/\/ninaki.si\/sl\/wp-json\/wp\/v2\/comments?post=1185"}],"version-history":[{"count":6,"href":"https:\/\/ninaki.si\/sl\/wp-json\/wp\/v2\/product\/1185\/revisions"}],"predecessor-version":[{"id":1996,"href":"https:\/\/ninaki.si\/sl\/wp-json\/wp\/v2\/product\/1185\/revisions\/1996"}],"wp:featuredmedia":[{"embeddable":true,"href":"https:\/\/ninaki.si\/sl\/wp-json\/wp\/v2\/media\/1792"}],"wp:attachment":[{"href":"https:\/\/ninaki.si\/sl\/wp-json\/wp\/v2\/media?parent=1185"}],"wp:term":[{"taxonomy":"product_brand","embeddable":true,"href":"https:\/\/ninaki.si\/sl\/wp-json\/wp\/v2\/product_brand?post=1185"},{"taxonomy":"product_cat","embeddable":true,"href":"https:\/\/ninaki.si\/sl\/wp-json\/wp\/v2\/product_cat?post=1185"},{"taxonomy":"product_tag","embeddable":true,"href":"https:\/\/ninaki.si\/sl\/wp-json\/wp\/v2\/product_tag?post=1185"}],"curies":[{"name":"wp","href":"https:\/\/api.w.org\/{rel}","templated":true}]}}