{"id":1057,"date":"2025-02-17T11:30:21","date_gmt":"2025-02-17T11:30:21","guid":{"rendered":"https:\/\/ninaki.si\/?post_type=product&#038;p=1057"},"modified":"2026-03-08T07:49:24","modified_gmt":"2026-03-08T07:49:24","slug":"s25k-310632","status":"publish","type":"product","link":"https:\/\/ninaki.si\/sl\/izdelek\/s25k-310632\/","title":{"rendered":"S25K-310632"},"content":{"rendered":"<p>Kratke hla\u010de <em>New triangle<\/em> z udobno elastiko v pasu in valovitim robom. Odli\u010dno jih lahko kombinirate z bluzo v morsko zeleni barvi iz iste linije.<\/p>\n<ul>\n<li>Sestava: 100% bomba\u017e<\/li>\n<li>Vezilna nit: 100% poliester<\/li>\n<li>Barva: morsko zelena z vezenino v zlati barvi<\/li>\n<\/ul>\n<p>Velikost: XS, S, M<\/p>","protected":false},"excerpt":{"rendered":"<p>Kratke hla\u010de <em>New triangle<\/em> z udobno elastiko v pasu in valovitim robom. Odli\u010dno jih lahko kombinirate z bluzo v morsko zeleni barvi iz iste linije.<\/p>\n<ul>\n<li>Sestava: 100% bomba\u017e<\/li>\n<li>Vezilna nit: 100% poliester<\/li>\n<li>Barva: morsko zelena z vezenino v zlati barvi<\/li>\n<\/ul>\n<p>Velikost: XS, S, M<\/p>\n<h5><a href=\"https:\/\/ninaki.si\/sl\/tabela-velikosti\/\" target=\"_blank\" rel=\"noopener\">Preverite velikost<\/a><\/h5>","protected":false},"featured_media":1060,"comment_status":"closed","ping_status":"closed","template":"","meta":{"_uag_custom_page_level_css":"","site-sidebar-layout":"default","site-content-layout":"","ast-site-content-layout":"default","site-content-style":"default","site-sidebar-style":"default","ast-global-header-display":"","ast-banner-title-visibility":"","ast-main-header-display":"","ast-hfb-above-header-display":"","ast-hfb-below-header-display":"","ast-hfb-mobile-header-display":"","site-post-title":"","ast-breadcrumbs-content":"","ast-featured-img":"","footer-sml-layout":"","theme-transparent-header-meta":"default","adv-header-id-meta":"","stick-header-meta":"","header-above-stick-meta":"","header-main-stick-meta":"","header-below-stick-meta":"","astra-migrate-meta-layouts":"set","ast-page-background-enabled":"default","ast-page-background-meta":{"desktop":{"background-color":"var(--ast-global-color-4)","background-image":"","background-repeat":"repeat","background-position":"center center","background-size":"auto","background-attachment":"scroll","background-type":"","background-media":"","overlay-type":"","overlay-color":"","overlay-opacity":"","overlay-gradient":""},"tablet":{"background-color":"","background-image":"","background-repeat":"repeat","background-position":"center center","background-size":"auto","background-attachment":"scroll","background-type":"","background-media":"","overlay-type":"","overlay-color":"","overlay-opacity":"","overlay-gradient":""},"mobile":{"background-color":"","background-image":"","background-repeat":"repeat","background-position":"center center","background-size":"auto","background-attachment":"scroll","background-type":"","background-media":"","overlay-type":"","overlay-color":"","overlay-opacity":"","overlay-gradient":""}},"ast-content-background-meta":{"desktop":{"background-color":"var(--ast-global-color-5)","background-image":"","background-repeat":"repeat","background-position":"center center","background-size":"auto","background-attachment":"scroll","background-type":"","background-media":"","overlay-type":"","overlay-color":"","overlay-opacity":"","overlay-gradient":""},"tablet":{"background-color":"var(--ast-global-color-5)","background-image":"","background-repeat":"repeat","background-position":"center center","background-size":"auto","background-attachment":"scroll","background-type":"","background-media":"","overlay-type":"","overlay-color":"","overlay-opacity":"","overlay-gradient":""},"mobile":{"background-color":"var(--ast-global-color-5)","background-image":"","background-repeat":"repeat","background-position":"center center","background-size":"auto","background-attachment":"scroll","background-type":"","background-media":"","overlay-type":"","overlay-color":"","overlay-opacity":"","overlay-gradient":""}}},"product_brand":[],"product_cat":[50,47],"product_tag":[],"class_list":{"0":"post-1057","1":"product","2":"type-product","3":"status-publish","4":"has-post-thumbnail","6":"product_cat-kori","7":"product_cat-oblacila","8":"desktop-align-left","9":"tablet-align-left","10":"mobile-align-left","11":"ast-product-gallery-layout-horizontal","12":"ast-magnify-disabled","13":"ast-product-single-variable","14":"ast-qv-on-image","16":"first","17":"instock","18":"shipping-taxable","19":"purchasable","20":"product-type-variable"},"uagb_featured_image_src":{"full":["https:\/\/ninaki.si\/wp-content\/uploads\/2025\/02\/1U4A7685.jpg",960,1200,false],"thumbnail":["https:\/\/ninaki.si\/wp-content\/uploads\/2025\/02\/1U4A7685-150x150.jpg",150,150,true],"medium":["https:\/\/ninaki.si\/wp-content\/uploads\/2025\/02\/1U4A7685-240x300.jpg",240,300,true],"medium_large":["https:\/\/ninaki.si\/wp-content\/uploads\/2025\/02\/1U4A7685-768x960.jpg",768,960,true],"large":["https:\/\/ninaki.si\/wp-content\/uploads\/2025\/02\/1U4A7685-819x1024.jpg",819,1024,true],"1536x1536":["https:\/\/ninaki.si\/wp-content\/uploads\/2025\/02\/1U4A7685.jpg",960,1200,false],"2048x2048":["https:\/\/ninaki.si\/wp-content\/uploads\/2025\/02\/1U4A7685.jpg",960,1200,false],"trp-custom-language-flag":["https:\/\/ninaki.si\/wp-content\/uploads\/2025\/02\/1U4A7685-10x12.jpg",10,12,true],"woocommerce_thumbnail":["https:\/\/ninaki.si\/wp-content\/uploads\/2025\/02\/1U4A7685-600x750.jpg",600,750,true],"woocommerce_single":["https:\/\/ninaki.si\/wp-content\/uploads\/2025\/02\/1U4A7685-800x1000.jpg",800,1000,true],"woocommerce_gallery_thumbnail":["https:\/\/ninaki.si\/wp-content\/uploads\/2025\/02\/1U4A7685-100x100.jpg",100,100,true]},"uagb_author_info":{"display_name":"tone","author_link":"https:\/\/ninaki.si\/sl\/author\/"},"uagb_comment_info":0,"uagb_excerpt":"Kratke hla\u010de New triangle z udobno elastiko v pasu in valovitim robom. Odli\u010dno jih lahko kombinirate z bluzo v morsko zeleni barvi iz iste linije. Sestava: 100% bomba\u017e Vezilna nit: 100% poliester Barva: morsko zelena z vezenino v zlati barvi Velikost: XS, S, M Preverite velikost","jetpack_sharing_enabled":true,"_links":{"self":[{"href":"https:\/\/ninaki.si\/sl\/wp-json\/wp\/v2\/product\/1057","targetHints":{"allow":["GET"]}}],"collection":[{"href":"https:\/\/ninaki.si\/sl\/wp-json\/wp\/v2\/product"}],"about":[{"href":"https:\/\/ninaki.si\/sl\/wp-json\/wp\/v2\/types\/product"}],"replies":[{"embeddable":true,"href":"https:\/\/ninaki.si\/sl\/wp-json\/wp\/v2\/comments?post=1057"}],"version-history":[{"count":1,"href":"https:\/\/ninaki.si\/sl\/wp-json\/wp\/v2\/product\/1057\/revisions"}],"predecessor-version":[{"id":1063,"href":"https:\/\/ninaki.si\/sl\/wp-json\/wp\/v2\/product\/1057\/revisions\/1063"}],"wp:featuredmedia":[{"embeddable":true,"href":"https:\/\/ninaki.si\/sl\/wp-json\/wp\/v2\/media\/1060"}],"wp:attachment":[{"href":"https:\/\/ninaki.si\/sl\/wp-json\/wp\/v2\/media?parent=1057"}],"wp:term":[{"taxonomy":"product_brand","embeddable":true,"href":"https:\/\/ninaki.si\/sl\/wp-json\/wp\/v2\/product_brand?post=1057"},{"taxonomy":"product_cat","embeddable":true,"href":"https:\/\/ninaki.si\/sl\/wp-json\/wp\/v2\/product_cat?post=1057"},{"taxonomy":"product_tag","embeddable":true,"href":"https:\/\/ninaki.si\/sl\/wp-json\/wp\/v2\/product_tag?post=1057"}],"curies":[{"name":"wp","href":"https:\/\/api.w.org\/{rel}","templated":true}]}}