{"id":1028,"date":"2025-02-17T11:05:19","date_gmt":"2025-02-17T11:05:19","guid":{"rendered":"https:\/\/ninaki.si\/?post_type=product&#038;p=1028"},"modified":"2026-03-24T05:41:59","modified_gmt":"2026-03-24T05:41:59","slug":"s25k-260184","status":"publish","type":"product","link":"https:\/\/ninaki.si\/sl\/izdelek\/s25k-260184\/","title":{"rendered":"2136018"},"content":{"rendered":"","protected":false},"excerpt":{"rendered":"<p>Kratek kimono <em>Feather<\/em> s pasom in \u010dudovitim V izrezom, izdelan iz kakovostnega lanu za dolgotrajno udobje. Odli\u010dna kombinacija z dolgimi hla\u010dami ali z lanenimi kratkimi hla\u010dami iz iste linije <em>Feather<\/em>.<\/p>\n<ul>\n<li>Sestava: 100% lan<\/li>\n<li>Vezilna nit: 100% poliester<\/li>\n<li>\n<p style=\"margin: 0in; background: white; vertical-align: baseline;\"><span style=\"color: #364151;\">Barva: svetlo siva in natural z vezenimi detajli v barvi \u0161ampanjca ter temno modra z vezenino v zlati barvi<\/span><\/p>\n<\/li>\n<\/ul>\n<p>Velikost: XS, S, M<\/p>\n<p><em>Dobro je vedeti, da so kroji kolekcije Greek Archaic Kori kar ohlapni, <\/em><em>tako da je pri marsikaterem artiklu priporo\u010dljivo vzeti \u0161tevilko manj\u0161o <\/em><em>velikost, kot jo nosite sicer. Za vsak primer, \u010de ste v dilemi, pa me \u0161e <\/em><em>vedno lahko kontaktirate in bova skupaj vse izmerili in ugotovili, <\/em><em>katera \u0161tevilka bi bila najprimernej\u0161a za vas.<\/em><\/p>\n<h5><a href=\"https:\/\/ninaki.si\/sl\/tabela-velikosti\/\" target=\"_blank\" rel=\"noopener\">Preverite velikost<\/a><\/h5>\n<p>&nbsp;<\/p>","protected":false},"featured_media":1040,"comment_status":"closed","ping_status":"closed","template":"","meta":{"_uag_custom_page_level_css":"","site-sidebar-layout":"default","site-content-layout":"","ast-site-content-layout":"default","site-content-style":"default","site-sidebar-style":"default","ast-global-header-display":"","ast-banner-title-visibility":"","ast-main-header-display":"","ast-hfb-above-header-display":"","ast-hfb-below-header-display":"","ast-hfb-mobile-header-display":"","site-post-title":"","ast-breadcrumbs-content":"","ast-featured-img":"","footer-sml-layout":"","theme-transparent-header-meta":"default","adv-header-id-meta":"","stick-header-meta":"","header-above-stick-meta":"","header-main-stick-meta":"","header-below-stick-meta":"","astra-migrate-meta-layouts":"set","ast-page-background-enabled":"default","ast-page-background-meta":{"desktop":{"background-color":"var(--ast-global-color-4)","background-image":"","background-repeat":"repeat","background-position":"center center","background-size":"auto","background-attachment":"scroll","background-type":"","background-media":"","overlay-type":"","overlay-color":"","overlay-opacity":"","overlay-gradient":""},"tablet":{"background-color":"","background-image":"","background-repeat":"repeat","background-position":"center center","background-size":"auto","background-attachment":"scroll","background-type":"","background-media":"","overlay-type":"","overlay-color":"","overlay-opacity":"","overlay-gradient":""},"mobile":{"background-color":"","background-image":"","background-repeat":"repeat","background-position":"center center","background-size":"auto","background-attachment":"scroll","background-type":"","background-media":"","overlay-type":"","overlay-color":"","overlay-opacity":"","overlay-gradient":""}},"ast-content-background-meta":{"desktop":{"background-color":"var(--ast-global-color-5)","background-image":"","background-repeat":"repeat","background-position":"center center","background-size":"auto","background-attachment":"scroll","background-type":"","background-media":"","overlay-type":"","overlay-color":"","overlay-opacity":"","overlay-gradient":""},"tablet":{"background-color":"var(--ast-global-color-5)","background-image":"","background-repeat":"repeat","background-position":"center center","background-size":"auto","background-attachment":"scroll","background-type":"","background-media":"","overlay-type":"","overlay-color":"","overlay-opacity":"","overlay-gradient":""},"mobile":{"background-color":"var(--ast-global-color-5)","background-image":"","background-repeat":"repeat","background-position":"center center","background-size":"auto","background-attachment":"scroll","background-type":"","background-media":"","overlay-type":"","overlay-color":"","overlay-opacity":"","overlay-gradient":""}}},"product_brand":[],"product_cat":[50,64,47],"product_tag":[],"class_list":{"0":"post-1028","1":"product","2":"type-product","3":"status-publish","4":"has-post-thumbnail","6":"product_cat-kori","7":"product_cat-kori-2026","8":"product_cat-oblacila","9":"desktop-align-left","10":"tablet-align-left","11":"mobile-align-left","12":"ast-product-gallery-layout-horizontal","13":"ast-magnify-disabled","14":"ast-product-single-variable","15":"ast-qv-on-image","17":"first","18":"instock","19":"shipping-taxable","20":"purchasable","21":"product-type-variable"},"uagb_featured_image_src":{"full":["https:\/\/ninaki.si\/wp-content\/uploads\/2025\/02\/1U4A8589.jpg",960,1200,false],"thumbnail":["https:\/\/ninaki.si\/wp-content\/uploads\/2025\/02\/1U4A8589-150x150.jpg",150,150,true],"medium":["https:\/\/ninaki.si\/wp-content\/uploads\/2025\/02\/1U4A8589-240x300.jpg",240,300,true],"medium_large":["https:\/\/ninaki.si\/wp-content\/uploads\/2025\/02\/1U4A8589-768x960.jpg",768,960,true],"large":["https:\/\/ninaki.si\/wp-content\/uploads\/2025\/02\/1U4A8589-819x1024.jpg",819,1024,true],"1536x1536":["https:\/\/ninaki.si\/wp-content\/uploads\/2025\/02\/1U4A8589.jpg",960,1200,false],"2048x2048":["https:\/\/ninaki.si\/wp-content\/uploads\/2025\/02\/1U4A8589.jpg",960,1200,false],"trp-custom-language-flag":["https:\/\/ninaki.si\/wp-content\/uploads\/2025\/02\/1U4A8589-10x12.jpg",10,12,true],"woocommerce_thumbnail":["https:\/\/ninaki.si\/wp-content\/uploads\/2025\/02\/1U4A8589-600x750.jpg",600,750,true],"woocommerce_single":["https:\/\/ninaki.si\/wp-content\/uploads\/2025\/02\/1U4A8589-800x1000.jpg",800,1000,true],"woocommerce_gallery_thumbnail":["https:\/\/ninaki.si\/wp-content\/uploads\/2025\/02\/1U4A8589-100x100.jpg",100,100,true]},"uagb_author_info":{"display_name":"tone","author_link":"https:\/\/ninaki.si\/sl\/author\/"},"uagb_comment_info":0,"uagb_excerpt":"Kratek kimono Feather s pasom in \u010dudovitim V izrezom, izdelan iz kakovostnega lanu za dolgotrajno udobje. Odli\u010dna kombinacija z dolgimi hla\u010dami ali z lanenimi kratkimi hla\u010dami iz iste linije Feather. Sestava: 100% lan Vezilna nit: 100% poliester Barva: svetlo siva in natural z vezenimi detajli v barvi \u0161ampanjca ter temno modra z vezenino v zlati&hellip;","jetpack_sharing_enabled":true,"_links":{"self":[{"href":"https:\/\/ninaki.si\/sl\/wp-json\/wp\/v2\/product\/1028","targetHints":{"allow":["GET"]}}],"collection":[{"href":"https:\/\/ninaki.si\/sl\/wp-json\/wp\/v2\/product"}],"about":[{"href":"https:\/\/ninaki.si\/sl\/wp-json\/wp\/v2\/types\/product"}],"replies":[{"embeddable":true,"href":"https:\/\/ninaki.si\/sl\/wp-json\/wp\/v2\/comments?post=1028"}],"version-history":[{"count":9,"href":"https:\/\/ninaki.si\/sl\/wp-json\/wp\/v2\/product\/1028\/revisions"}],"predecessor-version":[{"id":2893,"href":"https:\/\/ninaki.si\/sl\/wp-json\/wp\/v2\/product\/1028\/revisions\/2893"}],"wp:featuredmedia":[{"embeddable":true,"href":"https:\/\/ninaki.si\/sl\/wp-json\/wp\/v2\/media\/1040"}],"wp:attachment":[{"href":"https:\/\/ninaki.si\/sl\/wp-json\/wp\/v2\/media?parent=1028"}],"wp:term":[{"taxonomy":"product_brand","embeddable":true,"href":"https:\/\/ninaki.si\/sl\/wp-json\/wp\/v2\/product_brand?post=1028"},{"taxonomy":"product_cat","embeddable":true,"href":"https:\/\/ninaki.si\/sl\/wp-json\/wp\/v2\/product_cat?post=1028"},{"taxonomy":"product_tag","embeddable":true,"href":"https:\/\/ninaki.si\/sl\/wp-json\/wp\/v2\/product_tag?post=1028"}],"curies":[{"name":"wp","href":"https:\/\/api.w.org\/{rel}","templated":true}]}}